{"id":315,"date":"2025-07-01T10:54:48","date_gmt":"2025-07-01T08:54:48","guid":{"rendered":"https:\/\/www.meccanicabesnatese.com\/?page_id=315"},"modified":"2025-12-10T14:36:02","modified_gmt":"2025-12-10T13:36:02","slug":"politica-la-qualita","status":"publish","type":"page","link":"https:\/\/www.meccanicabesnatese.com\/it\/politica-la-qualita\/","title":{"rendered":"Politica per la qualit\u00e0"},"content":{"rendered":"\t\t<div data-elementor-type=\"wp-page\" data-elementor-id=\"315\" class=\"elementor elementor-315\" data-elementor-post-type=\"page\">\n\t\t\t\t\t\t<section class=\"elementor-section elementor-top-section elementor-element elementor-element-e0865ab elementor-section-full_width elementor-section-height-default elementor-section-height-default\" data-id=\"e0865ab\" data-element_type=\"section\" data-settings=\"{&quot;background_background&quot;:&quot;classic&quot;}\">\n\t\t\t\t\t\t\t<div class=\"elementor-background-overlay\"><\/div>\n\t\t\t\t\t\t\t<div class=\"elementor-container elementor-column-gap-default\">\n\t\t\t\t\t<div class=\"elementor-column elementor-col-100 elementor-top-column elementor-element elementor-element-458b16a\" data-id=\"458b16a\" data-element_type=\"column\">\n\t\t\t<div class=\"elementor-widget-wrap elementor-element-populated\">\n\t\t\t\t\t\t<div class=\"elementor-element elementor-element-7ecb987 elementor-widget elementor-widget-heading\" data-id=\"7ecb987\" data-element_type=\"widget\" data-widget_type=\"heading.default\">\n\t\t\t\t<div class=\"elementor-widget-container\">\n\t\t\t\t\t<h2 class=\"elementor-heading-title elementor-size-default\">Meccanica Besnatese<\/h2>\t\t\t\t<\/div>\n\t\t\t\t<\/div>\n\t\t\t\t<div class=\"elementor-element elementor-element-44b3031 elementor-widget elementor-widget-heading\" data-id=\"44b3031\" data-element_type=\"widget\" data-widget_type=\"heading.default\">\n\t\t\t\t<div class=\"elementor-widget-container\">\n\t\t\t\t\t<h1 class=\"elementor-heading-title elementor-size-default\">Politica per la <span> qualit\u00e0<\/span>\n<\/h1>\t\t\t\t<\/div>\n\t\t\t\t<\/div>\n\t\t\t\t\t<\/div>\n\t\t<\/div>\n\t\t\t\t\t<\/div>\n\t\t<\/section>\n\t\t\t\t<section class=\"elementor-section elementor-top-section elementor-element elementor-element-4d16f4b elementor-section-full_width elementor-section-height-default elementor-section-height-default\" data-id=\"4d16f4b\" data-element_type=\"section\" data-settings=\"{&quot;background_background&quot;:&quot;classic&quot;}\">\n\t\t\t\t\t\t<div class=\"elementor-container elementor-column-gap-default\">\n\t\t\t\t\t<div class=\"elementor-column elementor-col-100 elementor-top-column elementor-element elementor-element-c852058\" data-id=\"c852058\" data-element_type=\"column\" data-settings=\"{&quot;background_background&quot;:&quot;classic&quot;}\">\n\t\t\t<div class=\"elementor-widget-wrap elementor-element-populated\">\n\t\t\t\t\t\t<section class=\"elementor-section elementor-inner-section elementor-element elementor-element-4a44012 elementor-section-boxed elementor-section-height-default elementor-section-height-default\" data-id=\"4a44012\" data-element_type=\"section\">\n\t\t\t\t\t\t<div class=\"elementor-container elementor-column-gap-default\">\n\t\t\t\t\t<div class=\"elementor-column elementor-col-100 elementor-inner-column elementor-element elementor-element-5b0740c\" data-id=\"5b0740c\" data-element_type=\"column\">\n\t\t\t<div class=\"elementor-widget-wrap elementor-element-populated\">\n\t\t\t\t\t\t<div class=\"elementor-element elementor-element-75b4a9b elementor-widget elementor-widget-text-editor\" data-id=\"75b4a9b\" data-element_type=\"widget\" data-widget_type=\"text-editor.default\">\n\t\t\t\t<div class=\"elementor-widget-container\">\n\t\t\t\t\t\t\t\t\t<h4><strong>Mission<\/strong><\/h4><p>Obiettivo primario della MECCANICA BESNATESE S.r.l.\u00a0\u00e8 la completa soddisfazione dei requisiti richiesti dal Cliente e la massima sicurezza negli ambienti di lavoro.<\/p><h4><strong>Vision<\/strong><\/h4><p>Uniformandoci alle norme UNI EN ISO 9001, UNI EN 9100 e UNI EN ISO 45001 vogliamo dare maggior peso a ci\u00f2 che si aspettano da noi i nostri attuali e futuri Clienti e, di conseguenza, migliorare la nostra reputazione in materia di qualit\u00e0 dei nostri prodotti e sicurezza nell\u2019ambiente di lavoro: attraverso la Certificazione del Sistema di Gestione per la Qualit\u00e0 e Sicurezza , MECCANICA BESNATESE S.r.l.\u00a0vuol garantire tutti i Clienti delle proprie capacit\u00e0 di soddisfare sotto ogni profilo i requisiti impliciti, espliciti e le cogenze in ambito qualit\u00e0 e sicurezza.<\/p><h4><strong>Politica per la qualit\u00e0 e Sicurezza<\/strong><\/h4><p>La politica per la Qualit\u00e0 e Sicurezza costituisce il riferimento generale per la gestione di tutte le attivit\u00e0 aventi influenza sulla Qualit\u00e0 e Sicurezza negli ambienti di lavoro. Tutti gli enti e servizi aziendali utilizzano i principi contenuti nella presente politica in un\u2019ottica di continuo miglioramento tecnico, economico e qualitativo.<\/p><p>La Direzione ha analizzato i rischi aziendali, definito obiettivi e indicatori che vengono verificati e riesaminati periodicamente e che permettono di misurare l\u2019efficacia e l\u2019efficienza dei processi aziendali volti a incrementare la soddisfazione del Cliente, il miglioramento dei processi aziendali e dell\u2019ambiente di lavoro.<\/p><p>Il personale dell&#8217;azienda \u00e8 responsabile della generazione della qualit\u00e0 e sicurezza aziendale ognuno nella propria parte di competenza ed \u00e8 pertanto indispensabile che tutte le funzioni interne, a tutti i livelli, debbano coordinare ed intensificare i propri sforzi per un maggiore e pi\u00f9 corretto approccio al rispetto dei principi di qualit\u00e0 e sicurezza, facendo propri gli obiettivi sopra indicati e supportando la Direzione nell&#8217;attuare le seguenti strategie operative:<\/p><ul><li>Individuare, qualificare e coinvolgere i fornitori per instaurare un rapporto di reciproca collaborazione e fiducia utile a garantire il sistematico rispetto dei requisiti qualitativi del processo di approvvigionamento.<\/li><li>Prestare attenzione alla soddisfazione dei Clienti, collaboratori e partner garantendo un continuo monitoraggio delle loro esigenze ed aspettative;<\/li><li>Aggiornare macchine e processi volti ad accrescere continuamente i livelli di sicurezza, preparazione tecnica e professionale con il fine di aumentare la qualit\u00e0 dei prodotti offerti e la sicurezza nell\u2019utilizzo.<\/li><li>Migliorare continuativamente il livello di sicurezza per i lavoratori nello svolgimento del lavoro<\/li><li>Rispettare puntualmente le leggi e le norme applicabili alla continua individuazione e valutazione dei rischi delle misure di prevenzione e protezione<\/li><li>Recepire nella propria organizzazione azioni mirate alla sostenibilit\u00e0 aziendale pur puntanto alla continua innovazione di macchine e tecniche di produzione.<\/li><li>Diffondere i concetti di parit\u00e0 di genere, diversit\u00e0 e inclusione e responsabilit\u00e0 sociale.<\/li><li>Effettuaree una analisi del contesto analizzando anche i rischi associati al cambiamento climatico.<\/li><\/ul><p>La Direzione di MECCANICA BESNATESE si impegna inoltre a:<\/p><ul><li>Rispettare i requisiti delle norme UNI EN ISO 9001, UNI EN 9100, UNI EN ISO 45001 e Pdr 125 strutturando e mantenendo attivo il sistema di gestione integrato;<\/li><li>Informare e sensibilizzare tutti i collaboratori al fine di creare le migliori condizioni per eseguire in salute e sicurezza i compiti assegnati;<\/li><li>Comunicare attraverso il Riesame della Direzione, inteso come strumento fondamentale di informazione e comunicazione, i risultati delle strategie per la Qualit\u00e0 e Sicurezza, utilizzando anche una serie di indicatori di performance, opportunamente identificati, al fine di garantire il miglioramento degli obiettivi.<\/li><\/ul><p>L\u2019accresciuta competitivit\u00e0 del mercato e la difficile congiuntura economica richiedono a tutti il massimo impegno per la realizzazione dell\u2019iniziativa.<\/p><p>Besnate, 01\/04\/2025<\/p>\t\t\t\t\t\t\t\t<\/div>\n\t\t\t\t<\/div>\n\t\t\t\t\t<\/div>\n\t\t<\/div>\n\t\t\t\t\t<\/div>\n\t\t<\/section>\n\t\t\t\t\t<\/div>\n\t\t<\/div>\n\t\t\t\t\t<\/div>\n\t\t<\/section>\n\t\t\t\t<\/div>\n\t\t","protected":false},"excerpt":{"rendered":"<p>Meccanica Besnatese Politica per la qualit\u00e0 Mission Obiettivo primario della MECCANICA BESNATESE S.r.l.\u00a0\u00e8 la completa soddisfazione dei requisiti richiesti dal Cliente e la massima sicurezza negli ambienti di lavoro. Vision Uniformandoci alle norme UNI EN ISO 9001, UNI EN 9100 e UNI EN ISO 45001 vogliamo dare maggior peso a ci\u00f2 che si aspettano da [&hellip;]<\/p>\n","protected":false},"author":1,"featured_media":0,"parent":0,"menu_order":0,"comment_status":"closed","ping_status":"closed","template":"","meta":{"footnotes":""},"class_list":["post-315","page","type-page","status-publish","hentry"],"yoast_head":"<!-- This site is optimized with the Yoast SEO plugin v26.6 - https:\/\/yoast.com\/wordpress\/plugins\/seo\/ -->\n<title>Politica per la qualit\u00e0 di Meccanica Besnatese<\/title>\n<meta name=\"description\" content=\"La politica per la Qualit\u00e0 costituisce il riferimento generale per la gestione di tutte le attivit\u00e0 aventi influenza sulla Qualit\u00e0. Tutti gli enti e servizi aziendali utilizzano i principi contenuti nella presente politica in un\u2019ottica di continuo miglioramento tecnico, economico e qualitativo.\" \/>\n<meta name=\"robots\" content=\"index, follow, max-snippet:-1, max-image-preview:large, max-video-preview:-1\" \/>\n<link rel=\"canonical\" href=\"https:\/\/www.meccanicabesnatese.com\/it\/politica-la-qualita\/\" \/>\n<meta property=\"og:locale\" content=\"it_IT\" \/>\n<meta property=\"og:type\" content=\"article\" \/>\n<meta property=\"og:title\" content=\"Politica per la qualit\u00e0 di Meccanica Besnatese\" \/>\n<meta property=\"og:description\" content=\"La politica per la Qualit\u00e0 costituisce il riferimento generale per la gestione di tutte le attivit\u00e0 aventi influenza sulla Qualit\u00e0. Tutti gli enti e servizi aziendali utilizzano i principi contenuti nella presente politica in un\u2019ottica di continuo miglioramento tecnico, economico e qualitativo.\" \/>\n<meta property=\"og:url\" content=\"https:\/\/www.meccanicabesnatese.com\/it\/politica-la-qualita\/\" \/>\n<meta property=\"og:site_name\" content=\"Meccanica Besnatese\" \/>\n<meta property=\"article:modified_time\" content=\"2025-12-10T13:36:02+00:00\" \/>\n<meta name=\"twitter:card\" content=\"summary_large_image\" \/>\n<script type=\"application\/ld+json\" class=\"yoast-schema-graph\">{\"@context\":\"https:\/\/schema.org\",\"@graph\":[{\"@type\":\"WebPage\",\"@id\":\"https:\/\/www.meccanicabesnatese.com\/it\/politica-la-qualita\/\",\"url\":\"https:\/\/www.meccanicabesnatese.com\/it\/politica-la-qualita\/\",\"name\":\"Politica per la qualit\u00e0 di Meccanica Besnatese\",\"isPartOf\":{\"@id\":\"https:\/\/www.meccanicabesnatese.com\/it\/#website\"},\"datePublished\":\"2025-07-01T08:54:48+00:00\",\"dateModified\":\"2025-12-10T13:36:02+00:00\",\"description\":\"La politica per la Qualit\u00e0 costituisce il riferimento generale per la gestione di tutte le attivit\u00e0 aventi influenza sulla Qualit\u00e0. Tutti gli enti e servizi aziendali utilizzano i principi contenuti nella presente politica in un\u2019ottica di continuo miglioramento tecnico, economico e qualitativo.\",\"breadcrumb\":{\"@id\":\"https:\/\/www.meccanicabesnatese.com\/it\/politica-la-qualita\/#breadcrumb\"},\"inLanguage\":\"it-IT\",\"potentialAction\":[{\"@type\":\"ReadAction\",\"target\":[\"https:\/\/www.meccanicabesnatese.com\/it\/politica-la-qualita\/\"]}]},{\"@type\":\"BreadcrumbList\",\"@id\":\"https:\/\/www.meccanicabesnatese.com\/it\/politica-la-qualita\/#breadcrumb\",\"itemListElement\":[{\"@type\":\"ListItem\",\"position\":1,\"name\":\"Home\",\"item\":\"https:\/\/www.meccanicabesnatese.com\/it\/\"},{\"@type\":\"ListItem\",\"position\":2,\"name\":\"Politica per la qualit\u00e0\"}]},{\"@type\":\"WebSite\",\"@id\":\"https:\/\/www.meccanicabesnatese.com\/it\/#website\",\"url\":\"https:\/\/www.meccanicabesnatese.com\/it\/\",\"name\":\"Meccanica Besnatese\",\"description\":\"Lavorazioni meccaniche per conto terzi\",\"publisher\":{\"@id\":\"https:\/\/www.meccanicabesnatese.com\/it\/#organization\"},\"potentialAction\":[{\"@type\":\"SearchAction\",\"target\":{\"@type\":\"EntryPoint\",\"urlTemplate\":\"https:\/\/www.meccanicabesnatese.com\/it\/?s={search_term_string}\"},\"query-input\":{\"@type\":\"PropertyValueSpecification\",\"valueRequired\":true,\"valueName\":\"search_term_string\"}}],\"inLanguage\":\"it-IT\"},{\"@type\":\"Organization\",\"@id\":\"https:\/\/www.meccanicabesnatese.com\/it\/#organization\",\"name\":\"Meccanica Besnatese\",\"url\":\"https:\/\/www.meccanicabesnatese.com\/it\/\",\"logo\":{\"@type\":\"ImageObject\",\"inLanguage\":\"it-IT\",\"@id\":\"https:\/\/www.meccanicabesnatese.com\/it\/#\/schema\/logo\/image\/\",\"url\":\"https:\/\/www.meccanicabesnatese.com\/wp-content\/uploads\/2021\/04\/Meccanica-besnatese-logo.png\",\"contentUrl\":\"https:\/\/www.meccanicabesnatese.com\/wp-content\/uploads\/2021\/04\/Meccanica-besnatese-logo.png\",\"width\":378,\"height\":130,\"caption\":\"Meccanica Besnatese\"},\"image\":{\"@id\":\"https:\/\/www.meccanicabesnatese.com\/it\/#\/schema\/logo\/image\/\"}}]}<\/script>\n<!-- \/ Yoast SEO plugin. -->","yoast_head_json":{"title":"Politica per la qualit\u00e0 di Meccanica Besnatese","description":"La politica per la Qualit\u00e0 costituisce il riferimento generale per la gestione di tutte le attivit\u00e0 aventi influenza sulla Qualit\u00e0. Tutti gli enti e servizi aziendali utilizzano i principi contenuti nella presente politica in un\u2019ottica di continuo miglioramento tecnico, economico e qualitativo.","robots":{"index":"index","follow":"follow","max-snippet":"max-snippet:-1","max-image-preview":"max-image-preview:large","max-video-preview":"max-video-preview:-1"},"canonical":"https:\/\/www.meccanicabesnatese.com\/it\/politica-la-qualita\/","og_locale":"it_IT","og_type":"article","og_title":"Politica per la qualit\u00e0 di Meccanica Besnatese","og_description":"La politica per la Qualit\u00e0 costituisce il riferimento generale per la gestione di tutte le attivit\u00e0 aventi influenza sulla Qualit\u00e0. Tutti gli enti e servizi aziendali utilizzano i principi contenuti nella presente politica in un\u2019ottica di continuo miglioramento tecnico, economico e qualitativo.","og_url":"https:\/\/www.meccanicabesnatese.com\/it\/politica-la-qualita\/","og_site_name":"Meccanica Besnatese","article_modified_time":"2025-12-10T13:36:02+00:00","twitter_card":"summary_large_image","schema":{"@context":"https:\/\/schema.org","@graph":[{"@type":"WebPage","@id":"https:\/\/www.meccanicabesnatese.com\/it\/politica-la-qualita\/","url":"https:\/\/www.meccanicabesnatese.com\/it\/politica-la-qualita\/","name":"Politica per la qualit\u00e0 di Meccanica Besnatese","isPartOf":{"@id":"https:\/\/www.meccanicabesnatese.com\/it\/#website"},"datePublished":"2025-07-01T08:54:48+00:00","dateModified":"2025-12-10T13:36:02+00:00","description":"La politica per la Qualit\u00e0 costituisce il riferimento generale per la gestione di tutte le attivit\u00e0 aventi influenza sulla Qualit\u00e0. Tutti gli enti e servizi aziendali utilizzano i principi contenuti nella presente politica in un\u2019ottica di continuo miglioramento tecnico, economico e qualitativo.","breadcrumb":{"@id":"https:\/\/www.meccanicabesnatese.com\/it\/politica-la-qualita\/#breadcrumb"},"inLanguage":"it-IT","potentialAction":[{"@type":"ReadAction","target":["https:\/\/www.meccanicabesnatese.com\/it\/politica-la-qualita\/"]}]},{"@type":"BreadcrumbList","@id":"https:\/\/www.meccanicabesnatese.com\/it\/politica-la-qualita\/#breadcrumb","itemListElement":[{"@type":"ListItem","position":1,"name":"Home","item":"https:\/\/www.meccanicabesnatese.com\/it\/"},{"@type":"ListItem","position":2,"name":"Politica per la qualit\u00e0"}]},{"@type":"WebSite","@id":"https:\/\/www.meccanicabesnatese.com\/it\/#website","url":"https:\/\/www.meccanicabesnatese.com\/it\/","name":"Meccanica Besnatese","description":"Lavorazioni meccaniche per conto terzi","publisher":{"@id":"https:\/\/www.meccanicabesnatese.com\/it\/#organization"},"potentialAction":[{"@type":"SearchAction","target":{"@type":"EntryPoint","urlTemplate":"https:\/\/www.meccanicabesnatese.com\/it\/?s={search_term_string}"},"query-input":{"@type":"PropertyValueSpecification","valueRequired":true,"valueName":"search_term_string"}}],"inLanguage":"it-IT"},{"@type":"Organization","@id":"https:\/\/www.meccanicabesnatese.com\/it\/#organization","name":"Meccanica Besnatese","url":"https:\/\/www.meccanicabesnatese.com\/it\/","logo":{"@type":"ImageObject","inLanguage":"it-IT","@id":"https:\/\/www.meccanicabesnatese.com\/it\/#\/schema\/logo\/image\/","url":"https:\/\/www.meccanicabesnatese.com\/wp-content\/uploads\/2021\/04\/Meccanica-besnatese-logo.png","contentUrl":"https:\/\/www.meccanicabesnatese.com\/wp-content\/uploads\/2021\/04\/Meccanica-besnatese-logo.png","width":378,"height":130,"caption":"Meccanica Besnatese"},"image":{"@id":"https:\/\/www.meccanicabesnatese.com\/it\/#\/schema\/logo\/image\/"}}]}},"_links":{"self":[{"href":"https:\/\/www.meccanicabesnatese.com\/it\/wp-json\/wp\/v2\/pages\/315","targetHints":{"allow":["GET"]}}],"collection":[{"href":"https:\/\/www.meccanicabesnatese.com\/it\/wp-json\/wp\/v2\/pages"}],"about":[{"href":"https:\/\/www.meccanicabesnatese.com\/it\/wp-json\/wp\/v2\/types\/page"}],"author":[{"embeddable":true,"href":"https:\/\/www.meccanicabesnatese.com\/it\/wp-json\/wp\/v2\/users\/1"}],"replies":[{"embeddable":true,"href":"https:\/\/www.meccanicabesnatese.com\/it\/wp-json\/wp\/v2\/comments?post=315"}],"version-history":[{"count":16,"href":"https:\/\/www.meccanicabesnatese.com\/it\/wp-json\/wp\/v2\/pages\/315\/revisions"}],"predecessor-version":[{"id":2031,"href":"https:\/\/www.meccanicabesnatese.com\/it\/wp-json\/wp\/v2\/pages\/315\/revisions\/2031"}],"wp:attachment":[{"href":"https:\/\/www.meccanicabesnatese.com\/it\/wp-json\/wp\/v2\/media?parent=315"}],"curies":[{"name":"wp","href":"https:\/\/api.w.org\/{rel}","templated":true}]}}