{"id":2129,"date":"2026-03-04T14:53:44","date_gmt":"2026-03-04T13:53:44","guid":{"rendered":"https:\/\/www.meccanicabesnatese.com\/?page_id=2129"},"modified":"2026-03-04T16:23:26","modified_gmt":"2026-03-04T15:23:26","slug":"meccanica-besnatese-a-fornitore-offresi-2025-2026","status":"publish","type":"page","link":"https:\/\/www.meccanicabesnatese.com\/it\/meccanica-besnatese-a-fornitore-offresi-2025-2026\/","title":{"rendered":"Meccanica Besnatese a Fornitore Offresi 2025-2026"},"content":{"rendered":"\t\t<div data-elementor-type=\"wp-page\" data-elementor-id=\"2129\" class=\"elementor elementor-2129\" data-elementor-post-type=\"page\">\n\t\t\t\t\t\t<section class=\"elementor-section elementor-top-section elementor-element elementor-element-e0865ab elementor-section-full_width elementor-section-height-default elementor-section-height-default\" data-id=\"e0865ab\" data-element_type=\"section\" data-settings=\"{&quot;background_background&quot;:&quot;classic&quot;}\">\n\t\t\t\t\t\t\t<div class=\"elementor-background-overlay\"><\/div>\n\t\t\t\t\t\t\t<div class=\"elementor-container elementor-column-gap-default\">\n\t\t\t\t\t<div class=\"elementor-column elementor-col-100 elementor-top-column elementor-element elementor-element-458b16a\" data-id=\"458b16a\" data-element_type=\"column\">\n\t\t\t<div class=\"elementor-widget-wrap elementor-element-populated\">\n\t\t\t\t\t\t<div class=\"elementor-element elementor-element-44b3031 elementor-widget elementor-widget-heading\" data-id=\"44b3031\" data-element_type=\"widget\" data-widget_type=\"heading.default\">\n\t\t\t\t<div class=\"elementor-widget-container\">\n\t\t\t\t\t<h1 class=\"elementor-heading-title elementor-size-default\">Meccanica Besnatese a Fornitore Offresi 2025-2026: eccellenza e innovazione per il settore della subfornitura meccanica<\/h1>\t\t\t\t<\/div>\n\t\t\t\t<\/div>\n\t\t\t\t\t<\/div>\n\t\t<\/div>\n\t\t\t\t\t<\/div>\n\t\t<\/section>\n\t\t\t\t<section class=\"elementor-section elementor-top-section elementor-element elementor-element-4d16f4b elementor-section-full_width elementor-section-height-default elementor-section-height-default\" data-id=\"4d16f4b\" data-element_type=\"section\" data-settings=\"{&quot;background_background&quot;:&quot;classic&quot;}\">\n\t\t\t\t\t\t<div class=\"elementor-container elementor-column-gap-default\">\n\t\t\t\t\t<div class=\"elementor-column elementor-col-100 elementor-top-column elementor-element elementor-element-c852058\" data-id=\"c852058\" data-element_type=\"column\" data-settings=\"{&quot;background_background&quot;:&quot;classic&quot;}\">\n\t\t\t<div class=\"elementor-widget-wrap elementor-element-populated\">\n\t\t\t\t\t\t<section class=\"elementor-section elementor-inner-section elementor-element elementor-element-4a44012 elementor-section-boxed elementor-section-height-default elementor-section-height-default\" data-id=\"4a44012\" data-element_type=\"section\">\n\t\t\t\t\t\t<div class=\"elementor-container elementor-column-gap-default\">\n\t\t\t\t\t<div class=\"elementor-column elementor-col-100 elementor-inner-column elementor-element elementor-element-5b0740c\" data-id=\"5b0740c\" data-element_type=\"column\">\n\t\t\t<div class=\"elementor-widget-wrap elementor-element-populated\">\n\t\t\t\t\t\t<div class=\"elementor-element elementor-element-57fdd97 elementor-widget elementor-widget-image\" data-id=\"57fdd97\" data-element_type=\"widget\" data-widget_type=\"image.default\">\n\t\t\t\t<div class=\"elementor-widget-container\">\n\t\t\t\t\t\t\t\t\t\t\t\t\t\t\t<img fetchpriority=\"high\" decoding=\"async\" width=\"2150\" height=\"176\" src=\"https:\/\/www.meccanicabesnatese.com\/wp-content\/uploads\/2026\/02\/Coesione-Italia-Lombardia-Colore.jpg\" class=\"attachment-large size-large wp-image-2122\" alt=\"Fondo Europeo di Sviluppo Regionale 2021-2027\" srcset=\"https:\/\/www.meccanicabesnatese.com\/wp-content\/uploads\/2026\/02\/Coesione-Italia-Lombardia-Colore.jpg 2150w, https:\/\/www.meccanicabesnatese.com\/wp-content\/uploads\/2026\/02\/Coesione-Italia-Lombardia-Colore-768x63.jpg 768w, https:\/\/www.meccanicabesnatese.com\/wp-content\/uploads\/2026\/02\/Coesione-Italia-Lombardia-Colore-1536x126.jpg 1536w, https:\/\/www.meccanicabesnatese.com\/wp-content\/uploads\/2026\/02\/Coesione-Italia-Lombardia-Colore-2048x168.jpg 2048w\" sizes=\"(max-width: 2150px) 100vw, 2150px\" \/>\t\t\t\t\t\t\t\t\t\t\t\t\t\t\t<\/div>\n\t\t\t\t<\/div>\n\t\t\t\t<div class=\"elementor-element elementor-element-75b4a9b elementor-widget elementor-widget-text-editor\" data-id=\"75b4a9b\" data-element_type=\"widget\" data-widget_type=\"text-editor.default\">\n\t\t\t\t<div class=\"elementor-widget-container\">\n\t\t\t\t\t\t\t\t\t<p>Meccanica Besnatese Srl ha partecipato con successo alla fiera Fornitore Offresi nelle edizioni 2025 e 2026, consolidando la propria posizione nel settore della subfornitura meccanica e rafforzando il proprio posizionamento sui mercati internazionali. Con oltre quarant\u2019anni di esperienza, l\u2019azienda ha presentato le proprie competenze distintive, tra cui lavorazioni meccaniche personalizzate, prototipazione e controllo dimensionale, valorizzando la qualit\u00e0 e l\u2019innovazione che la contraddistinguono. L\u2019impresa ha instaurato nuove relazioni commerciali e consolidato quelle esistenti, rafforzando la percezione di Meccanica Besnatese come partner affidabile e innovativo. La fiera ha rappresentato un\u2019occasione per aggiornare le competenze, identificare nuove opportunit\u00e0 di sviluppo e contribuire alla valorizzazione del \u201cSistema Lombardia\u201d come eccellenza nel settore metalmeccanico. I risultati raggiunti hanno incluso un aumento della visibilit\u00e0, l\u2019avvio di nuovi accordi commerciali, l\u2019acquisizione di feedback utili, oltre a nuove opportunit\u00e0 di investimento.<\/p><p>La realizzazione del progetto \u00e8 stata resa possibile anche grazie al contributo fornito dalla Regione Lombardia e dall\u2019Unione Europea mediante la partecipazione al bando \u201cContributi per la partecipazione delle MPMI alle fiere internazionali in Lombardia\u201d. Tale intervento ha fatto parte del POR-FESR 2021-2027 \u2013 Azione 1.3.1. \u201cSostegno allo sviluppo dell\u2019internazionalizzazione delle PMI lombarde ed all\u2019attrazione di investimenti esteri\u201d.<\/p><p>Il CUP associato al progetto \u00e8 il seguente: F88C25001630007<\/p>\t\t\t\t\t\t\t\t<\/div>\n\t\t\t\t<\/div>\n\t\t\t\t\t<\/div>\n\t\t<\/div>\n\t\t\t\t\t<\/div>\n\t\t<\/section>\n\t\t\t\t\t<\/div>\n\t\t<\/div>\n\t\t\t\t\t<\/div>\n\t\t<\/section>\n\t\t\t\t<\/div>\n\t\t","protected":false},"excerpt":{"rendered":"<p>Meccanica Besnatese a Fornitore Offresi 2025-2026: eccellenza e innovazione per il settore della subfornitura meccanica Meccanica Besnatese Srl ha partecipato con successo alla fiera Fornitore Offresi nelle edizioni 2025 e 2026, consolidando la propria posizione nel settore della subfornitura meccanica e rafforzando il proprio posizionamento sui mercati internazionali. Con oltre quarant\u2019anni di esperienza, l\u2019azienda ha [&hellip;]<\/p>\n","protected":false},"author":1,"featured_media":0,"parent":0,"menu_order":0,"comment_status":"closed","ping_status":"closed","template":"","meta":{"footnotes":""},"class_list":["post-2129","page","type-page","status-publish","hentry"],"yoast_head":"<!-- This site is optimized with the Yoast SEO plugin v26.6 - https:\/\/yoast.com\/wordpress\/plugins\/seo\/ -->\n<title>Politica per la qualit\u00e0 di Meccanica Besnatese<\/title>\n<meta name=\"description\" content=\"La politica per la Qualit\u00e0 costituisce il riferimento generale per la gestione di tutte le attivit\u00e0 aventi influenza sulla Qualit\u00e0. Tutti gli enti e servizi aziendali utilizzano i principi contenuti nella presente politica in un\u2019ottica di continuo miglioramento tecnico, economico e qualitativo.\" \/>\n<meta name=\"robots\" content=\"index, follow, max-snippet:-1, max-image-preview:large, max-video-preview:-1\" \/>\n<link rel=\"canonical\" href=\"https:\/\/www.meccanicabesnatese.com\/it\/meccanica-besnatese-a-fornitore-offresi-2025-2026\/\" \/>\n<meta property=\"og:locale\" content=\"it_IT\" \/>\n<meta property=\"og:type\" content=\"article\" \/>\n<meta property=\"og:title\" content=\"Politica per la qualit\u00e0 di Meccanica Besnatese\" \/>\n<meta property=\"og:description\" content=\"La politica per la Qualit\u00e0 costituisce il riferimento generale per la gestione di tutte le attivit\u00e0 aventi influenza sulla Qualit\u00e0. Tutti gli enti e servizi aziendali utilizzano i principi contenuti nella presente politica in un\u2019ottica di continuo miglioramento tecnico, economico e qualitativo.\" \/>\n<meta property=\"og:url\" content=\"https:\/\/www.meccanicabesnatese.com\/it\/meccanica-besnatese-a-fornitore-offresi-2025-2026\/\" \/>\n<meta property=\"og:site_name\" content=\"Meccanica Besnatese\" \/>\n<meta property=\"article:modified_time\" content=\"2026-03-04T15:23:26+00:00\" \/>\n<meta property=\"og:image\" content=\"https:\/\/www.meccanicabesnatese.com\/wp-content\/uploads\/2026\/02\/Coesione-Italia-Lombardia-Colore.jpg\" \/>\n<meta name=\"twitter:card\" content=\"summary_large_image\" \/>\n<script type=\"application\/ld+json\" class=\"yoast-schema-graph\">{\"@context\":\"https:\/\/schema.org\",\"@graph\":[{\"@type\":\"WebPage\",\"@id\":\"https:\/\/www.meccanicabesnatese.com\/it\/meccanica-besnatese-a-fornitore-offresi-2025-2026\/\",\"url\":\"https:\/\/www.meccanicabesnatese.com\/it\/meccanica-besnatese-a-fornitore-offresi-2025-2026\/\",\"name\":\"Politica per la qualit\u00e0 di Meccanica Besnatese\",\"isPartOf\":{\"@id\":\"https:\/\/www.meccanicabesnatese.com\/it\/#website\"},\"primaryImageOfPage\":{\"@id\":\"https:\/\/www.meccanicabesnatese.com\/it\/meccanica-besnatese-a-fornitore-offresi-2025-2026\/#primaryimage\"},\"image\":{\"@id\":\"https:\/\/www.meccanicabesnatese.com\/it\/meccanica-besnatese-a-fornitore-offresi-2025-2026\/#primaryimage\"},\"thumbnailUrl\":\"https:\/\/www.meccanicabesnatese.com\/wp-content\/uploads\/2026\/02\/Coesione-Italia-Lombardia-Colore.jpg\",\"datePublished\":\"2026-03-04T13:53:44+00:00\",\"dateModified\":\"2026-03-04T15:23:26+00:00\",\"description\":\"La politica per la Qualit\u00e0 costituisce il riferimento generale per la gestione di tutte le attivit\u00e0 aventi influenza sulla Qualit\u00e0. Tutti gli enti e servizi aziendali utilizzano i principi contenuti nella presente politica in un\u2019ottica di continuo miglioramento tecnico, economico e qualitativo.\",\"breadcrumb\":{\"@id\":\"https:\/\/www.meccanicabesnatese.com\/it\/meccanica-besnatese-a-fornitore-offresi-2025-2026\/#breadcrumb\"},\"inLanguage\":\"it-IT\",\"potentialAction\":[{\"@type\":\"ReadAction\",\"target\":[\"https:\/\/www.meccanicabesnatese.com\/it\/meccanica-besnatese-a-fornitore-offresi-2025-2026\/\"]}]},{\"@type\":\"ImageObject\",\"inLanguage\":\"it-IT\",\"@id\":\"https:\/\/www.meccanicabesnatese.com\/it\/meccanica-besnatese-a-fornitore-offresi-2025-2026\/#primaryimage\",\"url\":\"https:\/\/www.meccanicabesnatese.com\/wp-content\/uploads\/2026\/02\/Coesione-Italia-Lombardia-Colore.jpg\",\"contentUrl\":\"https:\/\/www.meccanicabesnatese.com\/wp-content\/uploads\/2026\/02\/Coesione-Italia-Lombardia-Colore.jpg\"},{\"@type\":\"BreadcrumbList\",\"@id\":\"https:\/\/www.meccanicabesnatese.com\/it\/meccanica-besnatese-a-fornitore-offresi-2025-2026\/#breadcrumb\",\"itemListElement\":[{\"@type\":\"ListItem\",\"position\":1,\"name\":\"Home\",\"item\":\"https:\/\/www.meccanicabesnatese.com\/it\/\"},{\"@type\":\"ListItem\",\"position\":2,\"name\":\"Meccanica Besnatese a Fornitore Offresi 2025-2026\"}]},{\"@type\":\"WebSite\",\"@id\":\"https:\/\/www.meccanicabesnatese.com\/it\/#website\",\"url\":\"https:\/\/www.meccanicabesnatese.com\/it\/\",\"name\":\"Meccanica Besnatese\",\"description\":\"Lavorazioni meccaniche per conto terzi\",\"publisher\":{\"@id\":\"https:\/\/www.meccanicabesnatese.com\/it\/#organization\"},\"potentialAction\":[{\"@type\":\"SearchAction\",\"target\":{\"@type\":\"EntryPoint\",\"urlTemplate\":\"https:\/\/www.meccanicabesnatese.com\/it\/?s={search_term_string}\"},\"query-input\":{\"@type\":\"PropertyValueSpecification\",\"valueRequired\":true,\"valueName\":\"search_term_string\"}}],\"inLanguage\":\"it-IT\"},{\"@type\":\"Organization\",\"@id\":\"https:\/\/www.meccanicabesnatese.com\/it\/#organization\",\"name\":\"Meccanica Besnatese\",\"url\":\"https:\/\/www.meccanicabesnatese.com\/it\/\",\"logo\":{\"@type\":\"ImageObject\",\"inLanguage\":\"it-IT\",\"@id\":\"https:\/\/www.meccanicabesnatese.com\/it\/#\/schema\/logo\/image\/\",\"url\":\"https:\/\/www.meccanicabesnatese.com\/wp-content\/uploads\/2021\/04\/Meccanica-besnatese-logo.png\",\"contentUrl\":\"https:\/\/www.meccanicabesnatese.com\/wp-content\/uploads\/2021\/04\/Meccanica-besnatese-logo.png\",\"width\":378,\"height\":130,\"caption\":\"Meccanica Besnatese\"},\"image\":{\"@id\":\"https:\/\/www.meccanicabesnatese.com\/it\/#\/schema\/logo\/image\/\"}}]}<\/script>\n<!-- \/ Yoast SEO plugin. -->","yoast_head_json":{"title":"Politica per la qualit\u00e0 di Meccanica Besnatese","description":"La politica per la Qualit\u00e0 costituisce il riferimento generale per la gestione di tutte le attivit\u00e0 aventi influenza sulla Qualit\u00e0. Tutti gli enti e servizi aziendali utilizzano i principi contenuti nella presente politica in un\u2019ottica di continuo miglioramento tecnico, economico e qualitativo.","robots":{"index":"index","follow":"follow","max-snippet":"max-snippet:-1","max-image-preview":"max-image-preview:large","max-video-preview":"max-video-preview:-1"},"canonical":"https:\/\/www.meccanicabesnatese.com\/it\/meccanica-besnatese-a-fornitore-offresi-2025-2026\/","og_locale":"it_IT","og_type":"article","og_title":"Politica per la qualit\u00e0 di Meccanica Besnatese","og_description":"La politica per la Qualit\u00e0 costituisce il riferimento generale per la gestione di tutte le attivit\u00e0 aventi influenza sulla Qualit\u00e0. Tutti gli enti e servizi aziendali utilizzano i principi contenuti nella presente politica in un\u2019ottica di continuo miglioramento tecnico, economico e qualitativo.","og_url":"https:\/\/www.meccanicabesnatese.com\/it\/meccanica-besnatese-a-fornitore-offresi-2025-2026\/","og_site_name":"Meccanica Besnatese","article_modified_time":"2026-03-04T15:23:26+00:00","og_image":[{"url":"https:\/\/www.meccanicabesnatese.com\/wp-content\/uploads\/2026\/02\/Coesione-Italia-Lombardia-Colore.jpg","type":"","width":"","height":""}],"twitter_card":"summary_large_image","schema":{"@context":"https:\/\/schema.org","@graph":[{"@type":"WebPage","@id":"https:\/\/www.meccanicabesnatese.com\/it\/meccanica-besnatese-a-fornitore-offresi-2025-2026\/","url":"https:\/\/www.meccanicabesnatese.com\/it\/meccanica-besnatese-a-fornitore-offresi-2025-2026\/","name":"Politica per la qualit\u00e0 di Meccanica Besnatese","isPartOf":{"@id":"https:\/\/www.meccanicabesnatese.com\/it\/#website"},"primaryImageOfPage":{"@id":"https:\/\/www.meccanicabesnatese.com\/it\/meccanica-besnatese-a-fornitore-offresi-2025-2026\/#primaryimage"},"image":{"@id":"https:\/\/www.meccanicabesnatese.com\/it\/meccanica-besnatese-a-fornitore-offresi-2025-2026\/#primaryimage"},"thumbnailUrl":"https:\/\/www.meccanicabesnatese.com\/wp-content\/uploads\/2026\/02\/Coesione-Italia-Lombardia-Colore.jpg","datePublished":"2026-03-04T13:53:44+00:00","dateModified":"2026-03-04T15:23:26+00:00","description":"La politica per la Qualit\u00e0 costituisce il riferimento generale per la gestione di tutte le attivit\u00e0 aventi influenza sulla Qualit\u00e0. Tutti gli enti e servizi aziendali utilizzano i principi contenuti nella presente politica in un\u2019ottica di continuo miglioramento tecnico, economico e qualitativo.","breadcrumb":{"@id":"https:\/\/www.meccanicabesnatese.com\/it\/meccanica-besnatese-a-fornitore-offresi-2025-2026\/#breadcrumb"},"inLanguage":"it-IT","potentialAction":[{"@type":"ReadAction","target":["https:\/\/www.meccanicabesnatese.com\/it\/meccanica-besnatese-a-fornitore-offresi-2025-2026\/"]}]},{"@type":"ImageObject","inLanguage":"it-IT","@id":"https:\/\/www.meccanicabesnatese.com\/it\/meccanica-besnatese-a-fornitore-offresi-2025-2026\/#primaryimage","url":"https:\/\/www.meccanicabesnatese.com\/wp-content\/uploads\/2026\/02\/Coesione-Italia-Lombardia-Colore.jpg","contentUrl":"https:\/\/www.meccanicabesnatese.com\/wp-content\/uploads\/2026\/02\/Coesione-Italia-Lombardia-Colore.jpg"},{"@type":"BreadcrumbList","@id":"https:\/\/www.meccanicabesnatese.com\/it\/meccanica-besnatese-a-fornitore-offresi-2025-2026\/#breadcrumb","itemListElement":[{"@type":"ListItem","position":1,"name":"Home","item":"https:\/\/www.meccanicabesnatese.com\/it\/"},{"@type":"ListItem","position":2,"name":"Meccanica Besnatese a Fornitore Offresi 2025-2026"}]},{"@type":"WebSite","@id":"https:\/\/www.meccanicabesnatese.com\/it\/#website","url":"https:\/\/www.meccanicabesnatese.com\/it\/","name":"Meccanica Besnatese","description":"Lavorazioni meccaniche per conto terzi","publisher":{"@id":"https:\/\/www.meccanicabesnatese.com\/it\/#organization"},"potentialAction":[{"@type":"SearchAction","target":{"@type":"EntryPoint","urlTemplate":"https:\/\/www.meccanicabesnatese.com\/it\/?s={search_term_string}"},"query-input":{"@type":"PropertyValueSpecification","valueRequired":true,"valueName":"search_term_string"}}],"inLanguage":"it-IT"},{"@type":"Organization","@id":"https:\/\/www.meccanicabesnatese.com\/it\/#organization","name":"Meccanica Besnatese","url":"https:\/\/www.meccanicabesnatese.com\/it\/","logo":{"@type":"ImageObject","inLanguage":"it-IT","@id":"https:\/\/www.meccanicabesnatese.com\/it\/#\/schema\/logo\/image\/","url":"https:\/\/www.meccanicabesnatese.com\/wp-content\/uploads\/2021\/04\/Meccanica-besnatese-logo.png","contentUrl":"https:\/\/www.meccanicabesnatese.com\/wp-content\/uploads\/2021\/04\/Meccanica-besnatese-logo.png","width":378,"height":130,"caption":"Meccanica Besnatese"},"image":{"@id":"https:\/\/www.meccanicabesnatese.com\/it\/#\/schema\/logo\/image\/"}}]}},"_links":{"self":[{"href":"https:\/\/www.meccanicabesnatese.com\/it\/wp-json\/wp\/v2\/pages\/2129","targetHints":{"allow":["GET"]}}],"collection":[{"href":"https:\/\/www.meccanicabesnatese.com\/it\/wp-json\/wp\/v2\/pages"}],"about":[{"href":"https:\/\/www.meccanicabesnatese.com\/it\/wp-json\/wp\/v2\/types\/page"}],"author":[{"embeddable":true,"href":"https:\/\/www.meccanicabesnatese.com\/it\/wp-json\/wp\/v2\/users\/1"}],"replies":[{"embeddable":true,"href":"https:\/\/www.meccanicabesnatese.com\/it\/wp-json\/wp\/v2\/comments?post=2129"}],"version-history":[{"count":7,"href":"https:\/\/www.meccanicabesnatese.com\/it\/wp-json\/wp\/v2\/pages\/2129\/revisions"}],"predecessor-version":[{"id":2139,"href":"https:\/\/www.meccanicabesnatese.com\/it\/wp-json\/wp\/v2\/pages\/2129\/revisions\/2139"}],"wp:attachment":[{"href":"https:\/\/www.meccanicabesnatese.com\/it\/wp-json\/wp\/v2\/media?parent=2129"}],"curies":[{"name":"wp","href":"https:\/\/api.w.org\/{rel}","templated":true}]}}