{"id":2118,"date":"2026-02-03T15:35:56","date_gmt":"2026-02-03T14:35:56","guid":{"rendered":"https:\/\/www.meccanicabesnatese.com\/?page_id=2118"},"modified":"2026-02-03T15:37:58","modified_gmt":"2026-02-03T14:37:58","slug":"fondo-europeo-di-sviluppo-regionale-2021-2027","status":"publish","type":"page","link":"https:\/\/www.meccanicabesnatese.com\/it\/fondo-europeo-di-sviluppo-regionale-2021-2027\/","title":{"rendered":"Fondo Europeo di Sviluppo Regionale 2021-2027"},"content":{"rendered":"\t\t<div data-elementor-type=\"wp-page\" data-elementor-id=\"2118\" class=\"elementor elementor-2118\" data-elementor-post-type=\"page\">\n\t\t\t\t\t\t<section class=\"elementor-section elementor-top-section elementor-element elementor-element-e0865ab elementor-section-full_width elementor-section-height-default elementor-section-height-default\" data-id=\"e0865ab\" data-element_type=\"section\" data-settings=\"{&quot;background_background&quot;:&quot;classic&quot;}\">\n\t\t\t\t\t\t\t<div class=\"elementor-background-overlay\"><\/div>\n\t\t\t\t\t\t\t<div class=\"elementor-container elementor-column-gap-default\">\n\t\t\t\t\t<div class=\"elementor-column elementor-col-100 elementor-top-column elementor-element elementor-element-458b16a\" data-id=\"458b16a\" data-element_type=\"column\">\n\t\t\t<div class=\"elementor-widget-wrap elementor-element-populated\">\n\t\t\t\t\t\t<div class=\"elementor-element elementor-element-7ecb987 elementor-widget elementor-widget-heading\" data-id=\"7ecb987\" data-element_type=\"widget\" data-widget_type=\"heading.default\">\n\t\t\t\t<div class=\"elementor-widget-container\">\n\t\t\t\t\t<h2 class=\"elementor-heading-title elementor-size-default\">Meccanica Besnatese<\/h2>\t\t\t\t<\/div>\n\t\t\t\t<\/div>\n\t\t\t\t<div class=\"elementor-element elementor-element-44b3031 elementor-widget elementor-widget-heading\" data-id=\"44b3031\" data-element_type=\"widget\" data-widget_type=\"heading.default\">\n\t\t\t\t<div class=\"elementor-widget-container\">\n\t\t\t\t\t<h1 class=\"elementor-heading-title elementor-size-default\">Fondo Europeo di Sviluppo Regionale 2021-2027<\/h1>\t\t\t\t<\/div>\n\t\t\t\t<\/div>\n\t\t\t\t\t<\/div>\n\t\t<\/div>\n\t\t\t\t\t<\/div>\n\t\t<\/section>\n\t\t\t\t<section class=\"elementor-section elementor-top-section elementor-element elementor-element-4d16f4b elementor-section-full_width elementor-section-height-default elementor-section-height-default\" data-id=\"4d16f4b\" data-element_type=\"section\" data-settings=\"{&quot;background_background&quot;:&quot;classic&quot;}\">\n\t\t\t\t\t\t<div class=\"elementor-container elementor-column-gap-default\">\n\t\t\t\t\t<div class=\"elementor-column elementor-col-100 elementor-top-column elementor-element elementor-element-c852058\" data-id=\"c852058\" data-element_type=\"column\" data-settings=\"{&quot;background_background&quot;:&quot;classic&quot;}\">\n\t\t\t<div class=\"elementor-widget-wrap elementor-element-populated\">\n\t\t\t\t\t\t<section class=\"elementor-section elementor-inner-section elementor-element elementor-element-4a44012 elementor-section-boxed elementor-section-height-default elementor-section-height-default\" data-id=\"4a44012\" data-element_type=\"section\">\n\t\t\t\t\t\t<div class=\"elementor-container elementor-column-gap-default\">\n\t\t\t\t\t<div class=\"elementor-column elementor-col-100 elementor-inner-column elementor-element elementor-element-5b0740c\" data-id=\"5b0740c\" data-element_type=\"column\">\n\t\t\t<div class=\"elementor-widget-wrap elementor-element-populated\">\n\t\t\t\t\t\t<div class=\"elementor-element elementor-element-6c1daf5 elementor-widget elementor-widget-image\" data-id=\"6c1daf5\" data-element_type=\"widget\" data-widget_type=\"image.default\">\n\t\t\t\t<div class=\"elementor-widget-container\">\n\t\t\t\t\t\t\t\t\t\t\t\t\t\t\t<img fetchpriority=\"high\" decoding=\"async\" width=\"2150\" height=\"176\" src=\"https:\/\/www.meccanicabesnatese.com\/wp-content\/uploads\/2026\/02\/Coesione-Italia-Lombardia-Colore.jpg\" class=\"attachment-large size-large wp-image-2122\" alt=\"Fondo Europeo di Sviluppo Regionale 2021-2027\" srcset=\"https:\/\/www.meccanicabesnatese.com\/wp-content\/uploads\/2026\/02\/Coesione-Italia-Lombardia-Colore.jpg 2150w, https:\/\/www.meccanicabesnatese.com\/wp-content\/uploads\/2026\/02\/Coesione-Italia-Lombardia-Colore-768x63.jpg 768w, https:\/\/www.meccanicabesnatese.com\/wp-content\/uploads\/2026\/02\/Coesione-Italia-Lombardia-Colore-1536x126.jpg 1536w, https:\/\/www.meccanicabesnatese.com\/wp-content\/uploads\/2026\/02\/Coesione-Italia-Lombardia-Colore-2048x168.jpg 2048w\" sizes=\"(max-width: 2150px) 100vw, 2150px\" \/>\t\t\t\t\t\t\t\t\t\t\t\t\t\t\t<\/div>\n\t\t\t\t<\/div>\n\t\t\t\t<div class=\"elementor-element elementor-element-75b4a9b elementor-widget elementor-widget-text-editor\" data-id=\"75b4a9b\" data-element_type=\"widget\" data-widget_type=\"text-editor.default\">\n\t\t\t\t<div class=\"elementor-widget-container\">\n\t\t\t\t\t\t\t\t\t<p>\u00a0<\/p><p>Il Piano di Intervento Attuativo per la transizione digitale di Meccanica Besnatese S.R.L. si inserisce perfettamente nel Programma Regionale FESR Lombardia 2021-2027. Il progetto mira a migliorare l&#8217;integrazione e l&#8217;efficienza dei dati aziendali, l&#8217;automazione dei processi, la cybersecurity, la Business Intelligence e la formazione digitale del personale. \u00a0Gli obiettivi principali riguardano l\u2019integrazione dei dati aziendali creando una piattaforma unificata per garantire l&#8217;accesso in tempo reale ai dati di produzione, logistica e amministrazione, riducendo errori e ridondanze. L\u2019 automazione dei processi installando il sistema Modula Lift con WMS Premium per la gestione automatizzata del magazzino, che consente di ottimizzare tempi e risorse. Implementando i sistemi di sicurezza avanzati con firewall e backup in cloud per proteggere i dati aziendali e garantirne l\u2019integrit\u00e0. Creare una piattaforma BI per consolidare i dati aziendali e fornire report personalizzati per monitorare le prestazioni e ottimizzare il processo decisionale. Sviluppare competenze digitali con programmi di reskilling e upskilling, soprattutto in sicurezza IT e nella gestione del WMS e della BI.<\/p><p>La realizzazione del progetto \u00e8 stata resa possibile anche grazie al contributo fornito dalla Regione Lombardia e dall\u2019Unione Europea mediante la partecipazione al bando <em>\u201cTransizione digitale delle Imprese Lombarde\u201d. <\/em>Tale intervento fa parte del POR-FESR 2021-2027 \u2013 Azione 1.3.1. \u201cSostegno all\u2019accelerazione del processo di trasformazione digitale dei modelli di business delle PMI\u201d.<\/p><p>Il CUP associato al progetto \u00e8 il seguente: <strong>F88C25002630007<\/strong><\/p><p>\u00a0<\/p>\t\t\t\t\t\t\t\t<\/div>\n\t\t\t\t<\/div>\n\t\t\t\t\t<\/div>\n\t\t<\/div>\n\t\t\t\t\t<\/div>\n\t\t<\/section>\n\t\t\t\t\t<\/div>\n\t\t<\/div>\n\t\t\t\t\t<\/div>\n\t\t<\/section>\n\t\t\t\t<\/div>\n\t\t","protected":false},"excerpt":{"rendered":"<p>Meccanica Besnatese Fondo Europeo di Sviluppo Regionale 2021-2027 \u00a0 Il Piano di Intervento Attuativo per la transizione digitale di Meccanica Besnatese S.R.L. si inserisce perfettamente nel Programma Regionale FESR Lombardia 2021-2027. Il progetto mira a migliorare l&#8217;integrazione e l&#8217;efficienza dei dati aziendali, l&#8217;automazione dei processi, la cybersecurity, la Business Intelligence e la formazione digitale del [&hellip;]<\/p>\n","protected":false},"author":1,"featured_media":0,"parent":0,"menu_order":0,"comment_status":"closed","ping_status":"closed","template":"","meta":{"footnotes":""},"class_list":["post-2118","page","type-page","status-publish","hentry"],"yoast_head":"<!-- This site is optimized with the Yoast SEO plugin v26.6 - https:\/\/yoast.com\/wordpress\/plugins\/seo\/ -->\n<title>Politica per la qualit\u00e0 di Meccanica Besnatese<\/title>\n<meta name=\"description\" content=\"La politica per la Qualit\u00e0 costituisce il riferimento generale per la gestione di tutte le attivit\u00e0 aventi influenza sulla Qualit\u00e0. Tutti gli enti e servizi aziendali utilizzano i principi contenuti nella presente politica in un\u2019ottica di continuo miglioramento tecnico, economico e qualitativo.\" \/>\n<meta name=\"robots\" content=\"index, follow, max-snippet:-1, max-image-preview:large, max-video-preview:-1\" \/>\n<link rel=\"canonical\" href=\"https:\/\/www.meccanicabesnatese.com\/it\/fondo-europeo-di-sviluppo-regionale-2021-2027\/\" \/>\n<meta property=\"og:locale\" content=\"it_IT\" \/>\n<meta property=\"og:type\" content=\"article\" \/>\n<meta property=\"og:title\" content=\"Politica per la qualit\u00e0 di Meccanica Besnatese\" \/>\n<meta property=\"og:description\" content=\"La politica per la Qualit\u00e0 costituisce il riferimento generale per la gestione di tutte le attivit\u00e0 aventi influenza sulla Qualit\u00e0. Tutti gli enti e servizi aziendali utilizzano i principi contenuti nella presente politica in un\u2019ottica di continuo miglioramento tecnico, economico e qualitativo.\" \/>\n<meta property=\"og:url\" content=\"https:\/\/www.meccanicabesnatese.com\/it\/fondo-europeo-di-sviluppo-regionale-2021-2027\/\" \/>\n<meta property=\"og:site_name\" content=\"Meccanica Besnatese\" \/>\n<meta property=\"article:modified_time\" content=\"2026-02-03T14:37:58+00:00\" \/>\n<meta property=\"og:image\" content=\"https:\/\/www.meccanicabesnatese.com\/wp-content\/uploads\/2026\/02\/Coesione-Italia-Lombardia-Colore.jpg\" \/>\n<meta name=\"twitter:card\" content=\"summary_large_image\" \/>\n<script type=\"application\/ld+json\" class=\"yoast-schema-graph\">{\"@context\":\"https:\/\/schema.org\",\"@graph\":[{\"@type\":\"WebPage\",\"@id\":\"https:\/\/www.meccanicabesnatese.com\/it\/fondo-europeo-di-sviluppo-regionale-2021-2027\/\",\"url\":\"https:\/\/www.meccanicabesnatese.com\/it\/fondo-europeo-di-sviluppo-regionale-2021-2027\/\",\"name\":\"Politica per la qualit\u00e0 di Meccanica Besnatese\",\"isPartOf\":{\"@id\":\"https:\/\/www.meccanicabesnatese.com\/it\/#website\"},\"primaryImageOfPage\":{\"@id\":\"https:\/\/www.meccanicabesnatese.com\/it\/fondo-europeo-di-sviluppo-regionale-2021-2027\/#primaryimage\"},\"image\":{\"@id\":\"https:\/\/www.meccanicabesnatese.com\/it\/fondo-europeo-di-sviluppo-regionale-2021-2027\/#primaryimage\"},\"thumbnailUrl\":\"https:\/\/www.meccanicabesnatese.com\/wp-content\/uploads\/2026\/02\/Coesione-Italia-Lombardia-Colore.jpg\",\"datePublished\":\"2026-02-03T14:35:56+00:00\",\"dateModified\":\"2026-02-03T14:37:58+00:00\",\"description\":\"La politica per la Qualit\u00e0 costituisce il riferimento generale per la gestione di tutte le attivit\u00e0 aventi influenza sulla Qualit\u00e0. Tutti gli enti e servizi aziendali utilizzano i principi contenuti nella presente politica in un\u2019ottica di continuo miglioramento tecnico, economico e qualitativo.\",\"breadcrumb\":{\"@id\":\"https:\/\/www.meccanicabesnatese.com\/it\/fondo-europeo-di-sviluppo-regionale-2021-2027\/#breadcrumb\"},\"inLanguage\":\"it-IT\",\"potentialAction\":[{\"@type\":\"ReadAction\",\"target\":[\"https:\/\/www.meccanicabesnatese.com\/it\/fondo-europeo-di-sviluppo-regionale-2021-2027\/\"]}]},{\"@type\":\"ImageObject\",\"inLanguage\":\"it-IT\",\"@id\":\"https:\/\/www.meccanicabesnatese.com\/it\/fondo-europeo-di-sviluppo-regionale-2021-2027\/#primaryimage\",\"url\":\"https:\/\/www.meccanicabesnatese.com\/wp-content\/uploads\/2026\/02\/Coesione-Italia-Lombardia-Colore.jpg\",\"contentUrl\":\"https:\/\/www.meccanicabesnatese.com\/wp-content\/uploads\/2026\/02\/Coesione-Italia-Lombardia-Colore.jpg\"},{\"@type\":\"BreadcrumbList\",\"@id\":\"https:\/\/www.meccanicabesnatese.com\/it\/fondo-europeo-di-sviluppo-regionale-2021-2027\/#breadcrumb\",\"itemListElement\":[{\"@type\":\"ListItem\",\"position\":1,\"name\":\"Home\",\"item\":\"https:\/\/www.meccanicabesnatese.com\/it\/\"},{\"@type\":\"ListItem\",\"position\":2,\"name\":\"Fondo Europeo di Sviluppo Regionale 2021-2027\"}]},{\"@type\":\"WebSite\",\"@id\":\"https:\/\/www.meccanicabesnatese.com\/it\/#website\",\"url\":\"https:\/\/www.meccanicabesnatese.com\/it\/\",\"name\":\"Meccanica Besnatese\",\"description\":\"Lavorazioni meccaniche per conto terzi\",\"publisher\":{\"@id\":\"https:\/\/www.meccanicabesnatese.com\/it\/#organization\"},\"potentialAction\":[{\"@type\":\"SearchAction\",\"target\":{\"@type\":\"EntryPoint\",\"urlTemplate\":\"https:\/\/www.meccanicabesnatese.com\/it\/?s={search_term_string}\"},\"query-input\":{\"@type\":\"PropertyValueSpecification\",\"valueRequired\":true,\"valueName\":\"search_term_string\"}}],\"inLanguage\":\"it-IT\"},{\"@type\":\"Organization\",\"@id\":\"https:\/\/www.meccanicabesnatese.com\/it\/#organization\",\"name\":\"Meccanica Besnatese\",\"url\":\"https:\/\/www.meccanicabesnatese.com\/it\/\",\"logo\":{\"@type\":\"ImageObject\",\"inLanguage\":\"it-IT\",\"@id\":\"https:\/\/www.meccanicabesnatese.com\/it\/#\/schema\/logo\/image\/\",\"url\":\"https:\/\/www.meccanicabesnatese.com\/wp-content\/uploads\/2021\/04\/Meccanica-besnatese-logo.png\",\"contentUrl\":\"https:\/\/www.meccanicabesnatese.com\/wp-content\/uploads\/2021\/04\/Meccanica-besnatese-logo.png\",\"width\":378,\"height\":130,\"caption\":\"Meccanica Besnatese\"},\"image\":{\"@id\":\"https:\/\/www.meccanicabesnatese.com\/it\/#\/schema\/logo\/image\/\"}}]}<\/script>\n<!-- \/ Yoast SEO plugin. -->","yoast_head_json":{"title":"Politica per la qualit\u00e0 di Meccanica Besnatese","description":"La politica per la Qualit\u00e0 costituisce il riferimento generale per la gestione di tutte le attivit\u00e0 aventi influenza sulla Qualit\u00e0. Tutti gli enti e servizi aziendali utilizzano i principi contenuti nella presente politica in un\u2019ottica di continuo miglioramento tecnico, economico e qualitativo.","robots":{"index":"index","follow":"follow","max-snippet":"max-snippet:-1","max-image-preview":"max-image-preview:large","max-video-preview":"max-video-preview:-1"},"canonical":"https:\/\/www.meccanicabesnatese.com\/it\/fondo-europeo-di-sviluppo-regionale-2021-2027\/","og_locale":"it_IT","og_type":"article","og_title":"Politica per la qualit\u00e0 di Meccanica Besnatese","og_description":"La politica per la Qualit\u00e0 costituisce il riferimento generale per la gestione di tutte le attivit\u00e0 aventi influenza sulla Qualit\u00e0. Tutti gli enti e servizi aziendali utilizzano i principi contenuti nella presente politica in un\u2019ottica di continuo miglioramento tecnico, economico e qualitativo.","og_url":"https:\/\/www.meccanicabesnatese.com\/it\/fondo-europeo-di-sviluppo-regionale-2021-2027\/","og_site_name":"Meccanica Besnatese","article_modified_time":"2026-02-03T14:37:58+00:00","og_image":[{"url":"https:\/\/www.meccanicabesnatese.com\/wp-content\/uploads\/2026\/02\/Coesione-Italia-Lombardia-Colore.jpg","type":"","width":"","height":""}],"twitter_card":"summary_large_image","schema":{"@context":"https:\/\/schema.org","@graph":[{"@type":"WebPage","@id":"https:\/\/www.meccanicabesnatese.com\/it\/fondo-europeo-di-sviluppo-regionale-2021-2027\/","url":"https:\/\/www.meccanicabesnatese.com\/it\/fondo-europeo-di-sviluppo-regionale-2021-2027\/","name":"Politica per la qualit\u00e0 di Meccanica Besnatese","isPartOf":{"@id":"https:\/\/www.meccanicabesnatese.com\/it\/#website"},"primaryImageOfPage":{"@id":"https:\/\/www.meccanicabesnatese.com\/it\/fondo-europeo-di-sviluppo-regionale-2021-2027\/#primaryimage"},"image":{"@id":"https:\/\/www.meccanicabesnatese.com\/it\/fondo-europeo-di-sviluppo-regionale-2021-2027\/#primaryimage"},"thumbnailUrl":"https:\/\/www.meccanicabesnatese.com\/wp-content\/uploads\/2026\/02\/Coesione-Italia-Lombardia-Colore.jpg","datePublished":"2026-02-03T14:35:56+00:00","dateModified":"2026-02-03T14:37:58+00:00","description":"La politica per la Qualit\u00e0 costituisce il riferimento generale per la gestione di tutte le attivit\u00e0 aventi influenza sulla Qualit\u00e0. Tutti gli enti e servizi aziendali utilizzano i principi contenuti nella presente politica in un\u2019ottica di continuo miglioramento tecnico, economico e qualitativo.","breadcrumb":{"@id":"https:\/\/www.meccanicabesnatese.com\/it\/fondo-europeo-di-sviluppo-regionale-2021-2027\/#breadcrumb"},"inLanguage":"it-IT","potentialAction":[{"@type":"ReadAction","target":["https:\/\/www.meccanicabesnatese.com\/it\/fondo-europeo-di-sviluppo-regionale-2021-2027\/"]}]},{"@type":"ImageObject","inLanguage":"it-IT","@id":"https:\/\/www.meccanicabesnatese.com\/it\/fondo-europeo-di-sviluppo-regionale-2021-2027\/#primaryimage","url":"https:\/\/www.meccanicabesnatese.com\/wp-content\/uploads\/2026\/02\/Coesione-Italia-Lombardia-Colore.jpg","contentUrl":"https:\/\/www.meccanicabesnatese.com\/wp-content\/uploads\/2026\/02\/Coesione-Italia-Lombardia-Colore.jpg"},{"@type":"BreadcrumbList","@id":"https:\/\/www.meccanicabesnatese.com\/it\/fondo-europeo-di-sviluppo-regionale-2021-2027\/#breadcrumb","itemListElement":[{"@type":"ListItem","position":1,"name":"Home","item":"https:\/\/www.meccanicabesnatese.com\/it\/"},{"@type":"ListItem","position":2,"name":"Fondo Europeo di Sviluppo Regionale 2021-2027"}]},{"@type":"WebSite","@id":"https:\/\/www.meccanicabesnatese.com\/it\/#website","url":"https:\/\/www.meccanicabesnatese.com\/it\/","name":"Meccanica Besnatese","description":"Lavorazioni meccaniche per conto terzi","publisher":{"@id":"https:\/\/www.meccanicabesnatese.com\/it\/#organization"},"potentialAction":[{"@type":"SearchAction","target":{"@type":"EntryPoint","urlTemplate":"https:\/\/www.meccanicabesnatese.com\/it\/?s={search_term_string}"},"query-input":{"@type":"PropertyValueSpecification","valueRequired":true,"valueName":"search_term_string"}}],"inLanguage":"it-IT"},{"@type":"Organization","@id":"https:\/\/www.meccanicabesnatese.com\/it\/#organization","name":"Meccanica Besnatese","url":"https:\/\/www.meccanicabesnatese.com\/it\/","logo":{"@type":"ImageObject","inLanguage":"it-IT","@id":"https:\/\/www.meccanicabesnatese.com\/it\/#\/schema\/logo\/image\/","url":"https:\/\/www.meccanicabesnatese.com\/wp-content\/uploads\/2021\/04\/Meccanica-besnatese-logo.png","contentUrl":"https:\/\/www.meccanicabesnatese.com\/wp-content\/uploads\/2021\/04\/Meccanica-besnatese-logo.png","width":378,"height":130,"caption":"Meccanica Besnatese"},"image":{"@id":"https:\/\/www.meccanicabesnatese.com\/it\/#\/schema\/logo\/image\/"}}]}},"_links":{"self":[{"href":"https:\/\/www.meccanicabesnatese.com\/it\/wp-json\/wp\/v2\/pages\/2118","targetHints":{"allow":["GET"]}}],"collection":[{"href":"https:\/\/www.meccanicabesnatese.com\/it\/wp-json\/wp\/v2\/pages"}],"about":[{"href":"https:\/\/www.meccanicabesnatese.com\/it\/wp-json\/wp\/v2\/types\/page"}],"author":[{"embeddable":true,"href":"https:\/\/www.meccanicabesnatese.com\/it\/wp-json\/wp\/v2\/users\/1"}],"replies":[{"embeddable":true,"href":"https:\/\/www.meccanicabesnatese.com\/it\/wp-json\/wp\/v2\/comments?post=2118"}],"version-history":[{"count":4,"href":"https:\/\/www.meccanicabesnatese.com\/it\/wp-json\/wp\/v2\/pages\/2118\/revisions"}],"predecessor-version":[{"id":2125,"href":"https:\/\/www.meccanicabesnatese.com\/it\/wp-json\/wp\/v2\/pages\/2118\/revisions\/2125"}],"wp:attachment":[{"href":"https:\/\/www.meccanicabesnatese.com\/it\/wp-json\/wp\/v2\/media?parent=2118"}],"curies":[{"name":"wp","href":"https:\/\/api.w.org\/{rel}","templated":true}]}}