{"id":1554,"date":"2025-07-01T10:54:48","date_gmt":"2025-07-01T08:54:48","guid":{"rendered":"https:\/\/www.meccanicabesnatese.com\/politica-la-qualita\/"},"modified":"2025-11-11T10:48:48","modified_gmt":"2025-11-11T09:48:48","slug":"quality-policy","status":"publish","type":"page","link":"https:\/\/www.meccanicabesnatese.com\/en\/quality-policy\/","title":{"rendered":"Quality policy"},"content":{"rendered":"\t\t<div data-elementor-type=\"wp-page\" data-elementor-id=\"1554\" class=\"elementor elementor-1554 elementor-315\" data-elementor-post-type=\"page\">\n\t\t\t\t\t\t<section class=\"elementor-section elementor-top-section elementor-element elementor-element-e0865ab elementor-section-full_width elementor-section-height-default elementor-section-height-default\" data-id=\"e0865ab\" data-element_type=\"section\" data-settings=\"{&quot;background_background&quot;:&quot;classic&quot;}\">\n\t\t\t\t\t\t\t<div class=\"elementor-background-overlay\"><\/div>\n\t\t\t\t\t\t\t<div class=\"elementor-container elementor-column-gap-default\">\n\t\t\t\t\t<div class=\"elementor-column elementor-col-100 elementor-top-column elementor-element elementor-element-458b16a\" data-id=\"458b16a\" data-element_type=\"column\">\n\t\t\t<div class=\"elementor-widget-wrap elementor-element-populated\">\n\t\t\t\t\t\t<div class=\"elementor-element elementor-element-7ecb987 elementor-widget elementor-widget-heading\" data-id=\"7ecb987\" data-element_type=\"widget\" data-widget_type=\"heading.default\">\n\t\t\t\t<div class=\"elementor-widget-container\">\n\t\t\t\t\t<h2 class=\"elementor-heading-title elementor-size-default\">Meccanica Besnatese<\/h2>\t\t\t\t<\/div>\n\t\t\t\t<\/div>\n\t\t\t\t<div class=\"elementor-element elementor-element-44b3031 elementor-widget elementor-widget-heading\" data-id=\"44b3031\" data-element_type=\"widget\" data-widget_type=\"heading.default\">\n\t\t\t\t<div class=\"elementor-widget-container\">\n\t\t\t\t\t<h1 class=\"elementor-heading-title elementor-size-default\"><span> Quality<\/span> policy\n<\/h1>\t\t\t\t<\/div>\n\t\t\t\t<\/div>\n\t\t\t\t\t<\/div>\n\t\t<\/div>\n\t\t\t\t\t<\/div>\n\t\t<\/section>\n\t\t\t\t<section class=\"elementor-section elementor-top-section elementor-element elementor-element-4d16f4b elementor-section-full_width elementor-section-height-default elementor-section-height-default\" data-id=\"4d16f4b\" data-element_type=\"section\" data-settings=\"{&quot;background_background&quot;:&quot;classic&quot;}\">\n\t\t\t\t\t\t<div class=\"elementor-container elementor-column-gap-default\">\n\t\t\t\t\t<div class=\"elementor-column elementor-col-100 elementor-top-column elementor-element elementor-element-c852058\" data-id=\"c852058\" data-element_type=\"column\" data-settings=\"{&quot;background_background&quot;:&quot;classic&quot;}\">\n\t\t\t<div class=\"elementor-widget-wrap elementor-element-populated\">\n\t\t\t\t\t\t<section class=\"elementor-section elementor-inner-section elementor-element elementor-element-4a44012 elementor-section-boxed elementor-section-height-default elementor-section-height-default\" data-id=\"4a44012\" data-element_type=\"section\">\n\t\t\t\t\t\t<div class=\"elementor-container elementor-column-gap-default\">\n\t\t\t\t\t<div class=\"elementor-column elementor-col-100 elementor-inner-column elementor-element elementor-element-5b0740c\" data-id=\"5b0740c\" data-element_type=\"column\">\n\t\t\t<div class=\"elementor-widget-wrap elementor-element-populated\">\n\t\t\t\t\t\t<div class=\"elementor-element elementor-element-75b4a9b elementor-widget elementor-widget-text-editor\" data-id=\"75b4a9b\" data-element_type=\"widget\" data-widget_type=\"text-editor.default\">\n\t\t\t\t<div class=\"elementor-widget-container\">\n\t\t\t\t\t\t\t\t\t<h4><strong>Mission<\/strong><\/h4><p>The primary objective of MECCANICA BESNATESE S.r.l. is to fully satisfy the requirements of its customers.<\/p><h4><strong>Vision<\/strong><\/h4><p>By complying with the UNI EN ISO 9001 and UNI EN 9100 standards, we want to give greater weight to what our current and future customers expect from us and, consequently, improve our reputation in terms of the quality of our products: through Quality Management System Certification, MECCANICA BESNATESE S.r.l. wishes to guarantee all its customers its ability to satisfy all implicit and explicit requirements and obligations in every respect.<\/p><h4><strong>Quality policy<\/strong><\/h4><p>The Quality Policy is the general reference point for the management of all activities that influence quality. All company departments and services apply the principles contained in this policy with a view to continuous technical, economic, and qualitative improvement.<br \/>Management has analyzed the company&#8217;s risks and defined objectives and indicators that are periodically verified and reviewed, allowing the effectiveness and efficiency of company processes aimed at increasing customer satisfaction and improving company processes to be measured.<br \/>Company personnel are responsible for generating company quality, each within their own area of expertise, and it is therefore essential that all internal functions, at all levels, coordinate and intensify their efforts for a greater and more correct approach to quality management, embracing the above objectives and supporting Management in implementing the following operational strategies:<\/p><ul><li>Identify, qualify, and engage suppliers to establish a relationship of mutual collaboration and trust that will ensure systematic compliance with the quality requirements of the procurement process.<\/li><li>Pay attention to the satisfaction of customers, employees, and partners by continuously monitoring their needs and expectations;<\/li><li>Updating machines and processes aimed at continuously improving technical and professional skills in order to increase the quality of the products offered and boost competitiveness.<\/li><\/ul><p>La Direzione di MECCANICA BESNATESE si impegna inoltre a:<\/p><ul><li>Comply with the requirements of UNI EN ISO 9001 and UNI EN 9100 standards by structuring and maintaining an active quality management system;<\/li><li>Inform and raise awareness among all employees in order to create the best conditions for performing assigned tasks in a healthy and safe manner;<\/li><li>Communicate the results of quality strategies through Management Review, understood as a fundamental tool for information and communication, also using a series of appropriately identified performance indicators in order to ensure the improvement of objectives.<\/li><\/ul><p>Furthermore, more specifically, the General Management works continuously to ensure that the following image is perceived both inside and outside the company:<\/p><ul><li>company with proven experience<\/li><li>leader in the sector<\/li><li>reliable and competent company that complies with current legislation applicable to the sector of activity;<\/li><li>always focused on respect for the environment, operator safety, and the community<\/li><li>qualified and reliable company for all markets, with particular reference to the aeronautical sector.<\/li><\/ul><p>Increased market competitiveness and the difficult economic situation require everyone to make every effort to implement the initiative.<\/p><p>Last update: 01\/04\/2025<\/p>\t\t\t\t\t\t\t\t<\/div>\n\t\t\t\t<\/div>\n\t\t\t\t\t<\/div>\n\t\t<\/div>\n\t\t\t\t\t<\/div>\n\t\t<\/section>\n\t\t\t\t\t<\/div>\n\t\t<\/div>\n\t\t\t\t\t<\/div>\n\t\t<\/section>\n\t\t\t\t<\/div>\n\t\t","protected":false},"excerpt":{"rendered":"<p>Meccanica Besnatese Quality policy Mission The primary objective of MECCANICA BESNATESE S.r.l. is to fully satisfy the requirements of its customers. Vision By complying with the UNI EN ISO 9001 and UNI EN 9100 standards, we want to give greater weight to what our current and future customers expect from us and, consequently, improve our [&hellip;]<\/p>\n","protected":false},"author":1,"featured_media":0,"parent":0,"menu_order":0,"comment_status":"closed","ping_status":"closed","template":"","meta":{"footnotes":""},"class_list":["post-1554","page","type-page","status-publish","hentry"],"yoast_head":"<!-- This site is optimized with the Yoast SEO plugin v26.6 - https:\/\/yoast.com\/wordpress\/plugins\/seo\/ -->\n<title>Politica per la qualit\u00e0 di Meccanica Besnatese<\/title>\n<meta name=\"description\" content=\"La politica per la Qualit\u00e0 costituisce il riferimento generale per la gestione di tutte le attivit\u00e0 aventi influenza sulla Qualit\u00e0. Tutti gli enti e servizi aziendali utilizzano i principi contenuti nella presente politica in un\u2019ottica di continuo miglioramento tecnico, economico e qualitativo.\" \/>\n<meta name=\"robots\" content=\"index, follow, max-snippet:-1, max-image-preview:large, max-video-preview:-1\" \/>\n<link rel=\"canonical\" href=\"https:\/\/www.meccanicabesnatese.com\/en\/quality-policy\/\" \/>\n<meta property=\"og:locale\" content=\"en_US\" \/>\n<meta property=\"og:type\" content=\"article\" \/>\n<meta property=\"og:title\" content=\"Politica per la qualit\u00e0 di Meccanica Besnatese\" \/>\n<meta property=\"og:description\" content=\"La politica per la Qualit\u00e0 costituisce il riferimento generale per la gestione di tutte le attivit\u00e0 aventi influenza sulla Qualit\u00e0. Tutti gli enti e servizi aziendali utilizzano i principi contenuti nella presente politica in un\u2019ottica di continuo miglioramento tecnico, economico e qualitativo.\" \/>\n<meta property=\"og:url\" content=\"https:\/\/www.meccanicabesnatese.com\/en\/quality-policy\/\" \/>\n<meta property=\"og:site_name\" content=\"Meccanica Besnatese\" \/>\n<meta property=\"article:modified_time\" content=\"2025-11-11T09:48:48+00:00\" \/>\n<meta name=\"twitter:card\" content=\"summary_large_image\" \/>\n<script type=\"application\/ld+json\" class=\"yoast-schema-graph\">{\"@context\":\"https:\/\/schema.org\",\"@graph\":[{\"@type\":\"WebPage\",\"@id\":\"https:\/\/www.meccanicabesnatese.com\/en\/quality-policy\/\",\"url\":\"https:\/\/www.meccanicabesnatese.com\/en\/quality-policy\/\",\"name\":\"Politica per la qualit\u00e0 di Meccanica Besnatese\",\"isPartOf\":{\"@id\":\"https:\/\/www.meccanicabesnatese.com\/en\/#website\"},\"datePublished\":\"2025-07-01T08:54:48+00:00\",\"dateModified\":\"2025-11-11T09:48:48+00:00\",\"description\":\"La politica per la Qualit\u00e0 costituisce il riferimento generale per la gestione di tutte le attivit\u00e0 aventi influenza sulla Qualit\u00e0. Tutti gli enti e servizi aziendali utilizzano i principi contenuti nella presente politica in un\u2019ottica di continuo miglioramento tecnico, economico e qualitativo.\",\"breadcrumb\":{\"@id\":\"https:\/\/www.meccanicabesnatese.com\/en\/quality-policy\/#breadcrumb\"},\"inLanguage\":\"en-US\",\"potentialAction\":[{\"@type\":\"ReadAction\",\"target\":[\"https:\/\/www.meccanicabesnatese.com\/en\/quality-policy\/\"]}]},{\"@type\":\"BreadcrumbList\",\"@id\":\"https:\/\/www.meccanicabesnatese.com\/en\/quality-policy\/#breadcrumb\",\"itemListElement\":[{\"@type\":\"ListItem\",\"position\":1,\"name\":\"Home\",\"item\":\"https:\/\/www.meccanicabesnatese.com\/en\/\"},{\"@type\":\"ListItem\",\"position\":2,\"name\":\"Quality policy\"}]},{\"@type\":\"WebSite\",\"@id\":\"https:\/\/www.meccanicabesnatese.com\/en\/#website\",\"url\":\"https:\/\/www.meccanicabesnatese.com\/en\/\",\"name\":\"Meccanica Besnatese\",\"description\":\"Lavorazioni meccaniche per conto terzi\",\"publisher\":{\"@id\":\"https:\/\/www.meccanicabesnatese.com\/en\/#organization\"},\"potentialAction\":[{\"@type\":\"SearchAction\",\"target\":{\"@type\":\"EntryPoint\",\"urlTemplate\":\"https:\/\/www.meccanicabesnatese.com\/en\/?s={search_term_string}\"},\"query-input\":{\"@type\":\"PropertyValueSpecification\",\"valueRequired\":true,\"valueName\":\"search_term_string\"}}],\"inLanguage\":\"en-US\"},{\"@type\":\"Organization\",\"@id\":\"https:\/\/www.meccanicabesnatese.com\/en\/#organization\",\"name\":\"Meccanica Besnatese\",\"url\":\"https:\/\/www.meccanicabesnatese.com\/en\/\",\"logo\":{\"@type\":\"ImageObject\",\"inLanguage\":\"en-US\",\"@id\":\"https:\/\/www.meccanicabesnatese.com\/en\/#\/schema\/logo\/image\/\",\"url\":\"https:\/\/www.meccanicabesnatese.com\/wp-content\/uploads\/2021\/04\/Meccanica-besnatese-logo.png\",\"contentUrl\":\"https:\/\/www.meccanicabesnatese.com\/wp-content\/uploads\/2021\/04\/Meccanica-besnatese-logo.png\",\"width\":378,\"height\":130,\"caption\":\"Meccanica Besnatese\"},\"image\":{\"@id\":\"https:\/\/www.meccanicabesnatese.com\/en\/#\/schema\/logo\/image\/\"}}]}<\/script>\n<!-- \/ Yoast SEO plugin. -->","yoast_head_json":{"title":"Politica per la qualit\u00e0 di Meccanica Besnatese","description":"La politica per la Qualit\u00e0 costituisce il riferimento generale per la gestione di tutte le attivit\u00e0 aventi influenza sulla Qualit\u00e0. Tutti gli enti e servizi aziendali utilizzano i principi contenuti nella presente politica in un\u2019ottica di continuo miglioramento tecnico, economico e qualitativo.","robots":{"index":"index","follow":"follow","max-snippet":"max-snippet:-1","max-image-preview":"max-image-preview:large","max-video-preview":"max-video-preview:-1"},"canonical":"https:\/\/www.meccanicabesnatese.com\/en\/quality-policy\/","og_locale":"en_US","og_type":"article","og_title":"Politica per la qualit\u00e0 di Meccanica Besnatese","og_description":"La politica per la Qualit\u00e0 costituisce il riferimento generale per la gestione di tutte le attivit\u00e0 aventi influenza sulla Qualit\u00e0. Tutti gli enti e servizi aziendali utilizzano i principi contenuti nella presente politica in un\u2019ottica di continuo miglioramento tecnico, economico e qualitativo.","og_url":"https:\/\/www.meccanicabesnatese.com\/en\/quality-policy\/","og_site_name":"Meccanica Besnatese","article_modified_time":"2025-11-11T09:48:48+00:00","twitter_card":"summary_large_image","schema":{"@context":"https:\/\/schema.org","@graph":[{"@type":"WebPage","@id":"https:\/\/www.meccanicabesnatese.com\/en\/quality-policy\/","url":"https:\/\/www.meccanicabesnatese.com\/en\/quality-policy\/","name":"Politica per la qualit\u00e0 di Meccanica Besnatese","isPartOf":{"@id":"https:\/\/www.meccanicabesnatese.com\/en\/#website"},"datePublished":"2025-07-01T08:54:48+00:00","dateModified":"2025-11-11T09:48:48+00:00","description":"La politica per la Qualit\u00e0 costituisce il riferimento generale per la gestione di tutte le attivit\u00e0 aventi influenza sulla Qualit\u00e0. Tutti gli enti e servizi aziendali utilizzano i principi contenuti nella presente politica in un\u2019ottica di continuo miglioramento tecnico, economico e qualitativo.","breadcrumb":{"@id":"https:\/\/www.meccanicabesnatese.com\/en\/quality-policy\/#breadcrumb"},"inLanguage":"en-US","potentialAction":[{"@type":"ReadAction","target":["https:\/\/www.meccanicabesnatese.com\/en\/quality-policy\/"]}]},{"@type":"BreadcrumbList","@id":"https:\/\/www.meccanicabesnatese.com\/en\/quality-policy\/#breadcrumb","itemListElement":[{"@type":"ListItem","position":1,"name":"Home","item":"https:\/\/www.meccanicabesnatese.com\/en\/"},{"@type":"ListItem","position":2,"name":"Quality policy"}]},{"@type":"WebSite","@id":"https:\/\/www.meccanicabesnatese.com\/en\/#website","url":"https:\/\/www.meccanicabesnatese.com\/en\/","name":"Meccanica Besnatese","description":"Lavorazioni meccaniche per conto terzi","publisher":{"@id":"https:\/\/www.meccanicabesnatese.com\/en\/#organization"},"potentialAction":[{"@type":"SearchAction","target":{"@type":"EntryPoint","urlTemplate":"https:\/\/www.meccanicabesnatese.com\/en\/?s={search_term_string}"},"query-input":{"@type":"PropertyValueSpecification","valueRequired":true,"valueName":"search_term_string"}}],"inLanguage":"en-US"},{"@type":"Organization","@id":"https:\/\/www.meccanicabesnatese.com\/en\/#organization","name":"Meccanica Besnatese","url":"https:\/\/www.meccanicabesnatese.com\/en\/","logo":{"@type":"ImageObject","inLanguage":"en-US","@id":"https:\/\/www.meccanicabesnatese.com\/en\/#\/schema\/logo\/image\/","url":"https:\/\/www.meccanicabesnatese.com\/wp-content\/uploads\/2021\/04\/Meccanica-besnatese-logo.png","contentUrl":"https:\/\/www.meccanicabesnatese.com\/wp-content\/uploads\/2021\/04\/Meccanica-besnatese-logo.png","width":378,"height":130,"caption":"Meccanica Besnatese"},"image":{"@id":"https:\/\/www.meccanicabesnatese.com\/en\/#\/schema\/logo\/image\/"}}]}},"_links":{"self":[{"href":"https:\/\/www.meccanicabesnatese.com\/en\/wp-json\/wp\/v2\/pages\/1554","targetHints":{"allow":["GET"]}}],"collection":[{"href":"https:\/\/www.meccanicabesnatese.com\/en\/wp-json\/wp\/v2\/pages"}],"about":[{"href":"https:\/\/www.meccanicabesnatese.com\/en\/wp-json\/wp\/v2\/types\/page"}],"author":[{"embeddable":true,"href":"https:\/\/www.meccanicabesnatese.com\/en\/wp-json\/wp\/v2\/users\/1"}],"replies":[{"embeddable":true,"href":"https:\/\/www.meccanicabesnatese.com\/en\/wp-json\/wp\/v2\/comments?post=1554"}],"version-history":[{"count":10,"href":"https:\/\/www.meccanicabesnatese.com\/en\/wp-json\/wp\/v2\/pages\/1554\/revisions"}],"predecessor-version":[{"id":1820,"href":"https:\/\/www.meccanicabesnatese.com\/en\/wp-json\/wp\/v2\/pages\/1554\/revisions\/1820"}],"wp:attachment":[{"href":"https:\/\/www.meccanicabesnatese.com\/en\/wp-json\/wp\/v2\/media?parent=1554"}],"curies":[{"name":"wp","href":"https:\/\/api.w.org\/{rel}","templated":true}]}}